{"id":111,"date":"2021-03-02T09:13:16","date_gmt":"2021-03-02T09:13:16","guid":{"rendered":"https:\/\/www.sboxers.com\/?page_id=111"},"modified":"2021-03-02T09:13:17","modified_gmt":"2021-03-02T09:13:17","slug":"refund-policy","status":"publish","type":"page","link":"https:\/\/www.sboxers.com\/fr\/refund-policy\/","title":{"rendered":"Refund policy"},"content":{"rendered":"<p><strong>Echanges<\/strong><\/p>\n\n\n\n<p>Chez Sboxers nous prenons soin de v\u00e9rifier la qualit\u00e9 de nos produits. Cependant, si par malchance un produit mal con\u00e7u vous \u00e9tait parvenu, envoyez-nous un courriel \u00e0 sales@sboxers.com, nous prendrons contact avec vous pour un \u00e9change. <\/p>\n\n\n\n<p><strong>Exp\u00e9dition<\/strong><\/p>\n\n\n\n<p>Malheureusement, les frais d&#8217;exp\u00e9dition pour le retour de votre article seront \u00e0 votre charge. Les frais d&#8217;exp\u00e9dition ne sont pas remboursables. Si vous recevez un remboursement, les frais d&#8217;exp\u00e9dition de retour seront d\u00e9duits de votre remboursement.<\/p>\n<script language='javascript' type='text\/javascript'>function getWR360PopupSkin(){return 'light_clean';}<\/script>","protected":false},"excerpt":{"rendered":"<p>Echanges Chez Sboxers nous prenons soin de v\u00e9rifier la qualit\u00e9 de nos produits. Cependant, si par malchance un produit mal con\u00e7u vous \u00e9tait parvenu, envoyez-nous un courriel \u00e0 sales@sboxers.com, nous prendrons contact avec vous pour un \u00e9change. Exp\u00e9dition Malheureusement, les frais d&#8217;exp\u00e9dition pour le retour de votre article seront \u00e0 votre charge. Les frais d&#8217;exp\u00e9dition &#8230; <a title=\"Refund policy\" class=\"read-more\" href=\"https:\/\/www.sboxers.com\/fr\/refund-policy\/\" aria-label=\"Read more about Refund policy\">Lire la suite<\/a><\/p>","protected":false},"author":2,"featured_media":0,"parent":0,"menu_order":0,"comment_status":"closed","ping_status":"closed","template":"","meta":{"footnotes":""},"class_list":["post-111","page","type-page","status-publish"],"yoast_head":"<!-- This site is optimized with the Yoast SEO plugin v22.7 - https:\/\/yoast.com\/wordpress\/plugins\/seo\/ -->\n<title>Refund policy - SBOXERS<\/title>\n<meta name=\"robots\" content=\"index, follow, max-snippet:-1, max-image-preview:large, max-video-preview:-1\" \/>\n<link rel=\"canonical\" href=\"https:\/\/www.sboxers.com\/fr\/refund-policy\/\" \/>\n<meta property=\"og:locale\" content=\"fr_FR\" \/>\n<meta property=\"og:type\" content=\"article\" \/>\n<meta property=\"og:title\" content=\"Refund policy - SBOXERS\" \/>\n<meta property=\"og:description\" content=\"Echanges Chez Sboxers nous prenons soin de v\u00e9rifier la qualit\u00e9 de nos produits. Cependant, si par malchance un produit mal con\u00e7u vous \u00e9tait parvenu, envoyez-nous un courriel \u00e0 sales@sboxers.com, nous prendrons contact avec vous pour un \u00e9change. Exp\u00e9dition Malheureusement, les frais d&#8217;exp\u00e9dition pour le retour de votre article seront \u00e0 votre charge. Les frais d&#8217;exp\u00e9dition ... Lire la suite\" \/>\n<meta property=\"og:url\" content=\"https:\/\/www.sboxers.com\/fr\/refund-policy\/\" \/>\n<meta property=\"og:site_name\" content=\"SBOXERS\" \/>\n<meta property=\"article:modified_time\" content=\"2021-03-02T09:13:17+00:00\" \/>\n<meta name=\"twitter:card\" content=\"summary_large_image\" \/>\n<script type=\"application\/ld+json\" class=\"yoast-schema-graph\">{\"@context\":\"https:\/\/schema.org\",\"@graph\":[{\"@type\":\"WebPage\",\"@id\":\"https:\/\/www.sboxers.com\/refund-policy\/\",\"url\":\"https:\/\/www.sboxers.com\/refund-policy\/\",\"name\":\"Refund policy - SBOXERS\",\"isPartOf\":{\"@id\":\"https:\/\/www.sboxers.com\/#website\"},\"datePublished\":\"2021-03-02T09:13:16+00:00\",\"dateModified\":\"2021-03-02T09:13:17+00:00\",\"breadcrumb\":{\"@id\":\"https:\/\/www.sboxers.com\/refund-policy\/#breadcrumb\"},\"inLanguage\":\"fr-FR\",\"potentialAction\":[{\"@type\":\"ReadAction\",\"target\":[\"https:\/\/www.sboxers.com\/refund-policy\/\"]}]},{\"@type\":\"BreadcrumbList\",\"@id\":\"https:\/\/www.sboxers.com\/refund-policy\/#breadcrumb\",\"itemListElement\":[{\"@type\":\"ListItem\",\"position\":1,\"name\":\"Home\",\"item\":\"https:\/\/www.sboxers.com\/\"},{\"@type\":\"ListItem\",\"position\":2,\"name\":\"Refund policy\"}]},{\"@type\":\"WebSite\",\"@id\":\"https:\/\/www.sboxers.com\/#website\",\"url\":\"https:\/\/www.sboxers.com\/\",\"name\":\"SBOXERS\",\"description\":\"Wear it, you shine!\",\"publisher\":{\"@id\":\"https:\/\/www.sboxers.com\/#organization\"},\"potentialAction\":[{\"@type\":\"SearchAction\",\"target\":{\"@type\":\"EntryPoint\",\"urlTemplate\":\"https:\/\/www.sboxers.com\/?s={search_term_string}\"},\"query-input\":\"required name=search_term_string\"}],\"inLanguage\":\"fr-FR\"},{\"@type\":\"Organization\",\"@id\":\"https:\/\/www.sboxers.com\/#organization\",\"name\":\"SBOXERS\",\"url\":\"https:\/\/www.sboxers.com\/\",\"logo\":{\"@type\":\"ImageObject\",\"inLanguage\":\"fr-FR\",\"@id\":\"https:\/\/www.sboxers.com\/#\/schema\/logo\/image\/\",\"url\":\"https:\/\/www.sboxers.com\/wp-content\/uploads\/2021\/02\/sboxerslogo.png\",\"contentUrl\":\"https:\/\/www.sboxers.com\/wp-content\/uploads\/2021\/02\/sboxerslogo.png\",\"width\":3000,\"height\":3000,\"caption\":\"SBOXERS\"},\"image\":{\"@id\":\"https:\/\/www.sboxers.com\/#\/schema\/logo\/image\/\"}}]}<\/script>\n<!-- \/ Yoast SEO plugin. -->","yoast_head_json":{"title":"Refund policy - SBOXERS","robots":{"index":"index","follow":"follow","max-snippet":"max-snippet:-1","max-image-preview":"max-image-preview:large","max-video-preview":"max-video-preview:-1"},"canonical":"https:\/\/www.sboxers.com\/fr\/refund-policy\/","og_locale":"fr_FR","og_type":"article","og_title":"Refund policy - SBOXERS","og_description":"Echanges Chez Sboxers nous prenons soin de v\u00e9rifier la qualit\u00e9 de nos produits. Cependant, si par malchance un produit mal con\u00e7u vous \u00e9tait parvenu, envoyez-nous un courriel \u00e0 sales@sboxers.com, nous prendrons contact avec vous pour un \u00e9change. Exp\u00e9dition Malheureusement, les frais d&#8217;exp\u00e9dition pour le retour de votre article seront \u00e0 votre charge. Les frais d&#8217;exp\u00e9dition ... Lire la suite","og_url":"https:\/\/www.sboxers.com\/fr\/refund-policy\/","og_site_name":"SBOXERS","article_modified_time":"2021-03-02T09:13:17+00:00","twitter_card":"summary_large_image","schema":{"@context":"https:\/\/schema.org","@graph":[{"@type":"WebPage","@id":"https:\/\/www.sboxers.com\/refund-policy\/","url":"https:\/\/www.sboxers.com\/refund-policy\/","name":"Refund policy - SBOXERS","isPartOf":{"@id":"https:\/\/www.sboxers.com\/#website"},"datePublished":"2021-03-02T09:13:16+00:00","dateModified":"2021-03-02T09:13:17+00:00","breadcrumb":{"@id":"https:\/\/www.sboxers.com\/refund-policy\/#breadcrumb"},"inLanguage":"fr-FR","potentialAction":[{"@type":"ReadAction","target":["https:\/\/www.sboxers.com\/refund-policy\/"]}]},{"@type":"BreadcrumbList","@id":"https:\/\/www.sboxers.com\/refund-policy\/#breadcrumb","itemListElement":[{"@type":"ListItem","position":1,"name":"Home","item":"https:\/\/www.sboxers.com\/"},{"@type":"ListItem","position":2,"name":"Refund policy"}]},{"@type":"WebSite","@id":"https:\/\/www.sboxers.com\/#website","url":"https:\/\/www.sboxers.com\/","name":"SBOXERS","description":"Wear it, you shine!","publisher":{"@id":"https:\/\/www.sboxers.com\/#organization"},"potentialAction":[{"@type":"SearchAction","target":{"@type":"EntryPoint","urlTemplate":"https:\/\/www.sboxers.com\/?s={search_term_string}"},"query-input":"required name=search_term_string"}],"inLanguage":"fr-FR"},{"@type":"Organization","@id":"https:\/\/www.sboxers.com\/#organization","name":"SBOXERS","url":"https:\/\/www.sboxers.com\/","logo":{"@type":"ImageObject","inLanguage":"fr-FR","@id":"https:\/\/www.sboxers.com\/#\/schema\/logo\/image\/","url":"https:\/\/www.sboxers.com\/wp-content\/uploads\/2021\/02\/sboxerslogo.png","contentUrl":"https:\/\/www.sboxers.com\/wp-content\/uploads\/2021\/02\/sboxerslogo.png","width":3000,"height":3000,"caption":"SBOXERS"},"image":{"@id":"https:\/\/www.sboxers.com\/#\/schema\/logo\/image\/"}}]}},"_links":{"self":[{"href":"https:\/\/www.sboxers.com\/fr\/wp-json\/wp\/v2\/pages\/111","targetHints":{"allow":["GET"]}}],"collection":[{"href":"https:\/\/www.sboxers.com\/fr\/wp-json\/wp\/v2\/pages"}],"about":[{"href":"https:\/\/www.sboxers.com\/fr\/wp-json\/wp\/v2\/types\/page"}],"author":[{"embeddable":true,"href":"https:\/\/www.sboxers.com\/fr\/wp-json\/wp\/v2\/users\/2"}],"replies":[{"embeddable":true,"href":"https:\/\/www.sboxers.com\/fr\/wp-json\/wp\/v2\/comments?post=111"}],"version-history":[{"count":1,"href":"https:\/\/www.sboxers.com\/fr\/wp-json\/wp\/v2\/pages\/111\/revisions"}],"predecessor-version":[{"id":112,"href":"https:\/\/www.sboxers.com\/fr\/wp-json\/wp\/v2\/pages\/111\/revisions\/112"}],"wp:attachment":[{"href":"https:\/\/www.sboxers.com\/fr\/wp-json\/wp\/v2\/media?parent=111"}],"curies":[{"name":"wp","href":"https:\/\/api.w.org\/{rel}","templated":true}]}}