{"id":350,"date":"2021-03-10T14:17:59","date_gmt":"2021-03-10T14:17:59","guid":{"rendered":"https:\/\/www.sboxers.com\/?page_id=350"},"modified":"2021-04-23T09:53:09","modified_gmt":"2021-04-23T09:53:09","slug":"faq","status":"publish","type":"page","link":"https:\/\/www.sboxers.com\/fr\/faq\/","title":{"rendered":"FAQ"},"content":{"rendered":"<p>Derni\u00e8re mise \u00e0 jour : 7 mars 2021<\/p>\n\n\n\n<h2 class=\"wp-block-heading\"><strong>General questions<\/strong><\/h2>\n\n\n\n<p><strong>Comment se font les exp\u00e9ditions et les livraisons ?<\/strong><\/p>\n\n\n\n<p>Nous travaillons avec les soci\u00e9t\u00e9 La Poste et Relay Colis, en fonction de votre lieu de r\u00e9sidence. Quel que soit le moyen de livraison choisi, un num\u00e9ro de suivi de colis vous sera adress\u00e9 par email. Sans nouvelles de votre colis, vous pouvez nous contacter ici.<\/p>\n\n\n\n<p><strong>Quels sont les moyens de paiements accept\u00e9s sur sboxers.com ?<\/strong><\/p>\n\n\n\n<p>Nous acception Paypal et les cartes de cr\u00e9dit\/d\u00e9bit sur sboxers.com.<br>Les soci\u00e9t\u00e9s Paypal et Stripe qui g\u00e8rent les paiements pour sboxers.com ont \u00e9t\u00e9 choisies pour leur s\u00e9curit\u00e9 et leur fiabilit\u00e9. La soci\u00e9t\u00e9 SBCLOTHING ne conserve en aucune fa\u00e7on les donn\u00e9es de vos moyens de paiement.<\/p>\n\n\n\n<p><strong>Avez-vous un guide des tailles ?<\/strong><\/p>\n\n\n\n<figure class=\"wp-block-table is-style-regular\"><table><tbody><tr><td>Size<\/td><td>US waist<\/td><td>Europe waist<\/td><\/tr><tr><td>XS<\/td><td><\/td><td>68-71 cm<\/td><\/tr><tr><td>S<\/td><td><\/td><td>74-79 cm<\/td><\/tr><tr><td>M<\/td><td>32-34 inch<\/td><td>81-86 cm<\/td><\/tr><tr><td>L<\/td><td><\/td><td>89-94 cm<\/td><\/tr><tr><td>XL<\/td><td><\/td><td>97-102 cm<\/td><\/tr><\/tbody><\/table><\/figure>\n\n\n\n<p><strong>Acceptez-vous les retours ?<\/strong><\/p>\n\n\n\n<p>Nous prenons soin de d\u00e9crire au mieux nos cale\u00e7on de fa\u00e7on \u00e0 \u00e9viter les retours.<br>Si toutefois vous n'\u00eates pas satisfait par votre cale\u00e7on ou si vous constatez un d\u00e9faut de fabrication, merci de prendre contact avec notre service client\u00e8le \u00e0 sales@sboxers.com de fa\u00e7on \u00e0 ce que nous organisions un retour ou un \u00e9change. Tout retour doit passer par un \u00e9change de mail. Nous ne pourrons effectuer aucun remboursement sans accord pr\u00e9alable.<\/p>\n\n\n\n<p><strong>Pourquoi sboxers.com ?<\/strong><\/p>\n\n\n\n<p>Parce qu'il n'est pas facile de trouver des cale\u00e7ons satins originaux, nous avons d\u00e9cid\u00e9 de lancer nos propres designs. Apr\u00e8s un an de recherches sur la qualit\u00e9 et les designs, voici sboxers.com! Notre objectif est de vous proposer des cale\u00e7ons satin aux motifs originaux. Nous continuerons \u00e0 rechercher des designs originaux et \u00e0 am\u00e9liorer la qualit\u00e9 de nos cale\u00e7ons avec vos remarques. N'h\u00e9sitez pas \u00e0 nous faire des suggestions ! C'est le d\u00e9but d'une aventure que nous esp\u00e9rons longue, avec vous !<\/p>\n\n\n\n<h2 class=\"wp-block-heading\"><strong>About subscriptions<\/strong><\/h2>\n\n\n\n<p><strong>When will I receive my first boxers?<\/strong><\/p>\n\n\n\n<p>Your first boxers will be shipped the day of your subscription &#8211; it takes between 2 and 10 days to arrive at your door, depends on your location. You&#8217;ll receive your next boxers around the same date each month unless you cancel your subscription.<\/p>\n\n\n\n<p><strong>When will I receive my Limited Edition boxers?<\/strong><\/p>\n\n\n\n<p>You&#8217;ll receive your first Limited Edition Satin Boxers with your 6th package. So, after 6 month of subscription, you&#8217;ll receive 2 boxers in the same package. Your Satin Boxers of the month plus your first Limited Edition Satin Boxers.<\/p>\n\n\n\n<p><strong>Can I cancel my subscription?<\/strong><\/p>\n\n\n\n<p>Sure, you can cancel your subscription at any time. You can also pause your subscription for a specific duration and resume it when you want. It&#8217;s up to you!<\/p>\n\n\n\n<p><strong>Can I change my boxers size subscription?<\/strong><\/p>\n\n\n\n<p>Yes cou can change the size of your boxers subscription at anytime. For that, go to My account &gt; My subscriptions.<\/p>\n\n\n\n<p>If you have anymore questions, feel free to contact us at info@sboxers.com<\/p>\n<script language='javascript' type='text\/javascript'>function getWR360PopupSkin(){return 'light_clean';}<\/script>","protected":false},"excerpt":{"rendered":"<p>Last updated date: March 07, 2021 General questions How are shipments and deliveries made? We work with french post office and Relay Colis, depending on your place of residence. Whatever the chosen delivery method, a parcel tracking number will be sent to you by email. Without news of your package, you can contact us here. &#8230; <a title=\"FAQ\" class=\"read-more\" href=\"https:\/\/www.sboxers.com\/fr\/faq\/\" aria-label=\"Read more about FAQ\">Lire la suite<\/a><\/p>","protected":false},"author":2,"featured_media":0,"parent":0,"menu_order":0,"comment_status":"closed","ping_status":"closed","template":"","meta":{"footnotes":""},"class_list":["post-350","page","type-page","status-publish"],"yoast_head":"<!-- This site is optimized with the Yoast SEO plugin v22.7 - https:\/\/yoast.com\/wordpress\/plugins\/seo\/ -->\n<title>FAQ - SBOXERS<\/title>\n<meta name=\"robots\" content=\"index, follow, max-snippet:-1, max-image-preview:large, max-video-preview:-1\" \/>\n<link rel=\"canonical\" href=\"https:\/\/www.sboxers.com\/fr\/faq\/\" \/>\n<meta property=\"og:locale\" content=\"fr_FR\" \/>\n<meta property=\"og:type\" content=\"article\" \/>\n<meta property=\"og:title\" content=\"FAQ - SBOXERS\" \/>\n<meta property=\"og:description\" content=\"Last updated date: March 07, 2021 General questions How are shipments and deliveries made? We work with french post office and Relay Colis, depending on your place of residence. Whatever the chosen delivery method, a parcel tracking number will be sent to you by email. Without news of your package, you can contact us here. ... Lire la suite\" \/>\n<meta property=\"og:url\" content=\"https:\/\/www.sboxers.com\/fr\/faq\/\" \/>\n<meta property=\"og:site_name\" content=\"SBOXERS\" \/>\n<meta property=\"article:modified_time\" content=\"2021-04-23T09:53:09+00:00\" \/>\n<meta name=\"twitter:card\" content=\"summary_large_image\" \/>\n<meta name=\"twitter:label1\" content=\"Dur\u00e9e de lecture estim\u00e9e\" \/>\n\t<meta name=\"twitter:data1\" content=\"3 minutes\" \/>\n<script type=\"application\/ld+json\" class=\"yoast-schema-graph\">{\"@context\":\"https:\/\/schema.org\",\"@graph\":[{\"@type\":\"WebPage\",\"@id\":\"https:\/\/www.sboxers.com\/fr\/faq\/\",\"url\":\"https:\/\/www.sboxers.com\/fr\/faq\/\",\"name\":\"FAQ - SBOXERS\",\"isPartOf\":{\"@id\":\"https:\/\/www.sboxers.com\/#website\"},\"datePublished\":\"2021-03-10T14:17:59+00:00\",\"dateModified\":\"2021-04-23T09:53:09+00:00\",\"breadcrumb\":{\"@id\":\"https:\/\/www.sboxers.com\/fr\/faq\/#breadcrumb\"},\"inLanguage\":\"fr-FR\",\"potentialAction\":[{\"@type\":\"ReadAction\",\"target\":[\"https:\/\/www.sboxers.com\/fr\/faq\/\"]}]},{\"@type\":\"BreadcrumbList\",\"@id\":\"https:\/\/www.sboxers.com\/fr\/faq\/#breadcrumb\",\"itemListElement\":[{\"@type\":\"ListItem\",\"position\":1,\"name\":\"Home\",\"item\":\"https:\/\/www.sboxers.com\/\"},{\"@type\":\"ListItem\",\"position\":2,\"name\":\"FAQ\"}]},{\"@type\":\"WebSite\",\"@id\":\"https:\/\/www.sboxers.com\/#website\",\"url\":\"https:\/\/www.sboxers.com\/\",\"name\":\"SBOXERS\",\"description\":\"Wear it, you shine!\",\"publisher\":{\"@id\":\"https:\/\/www.sboxers.com\/#organization\"},\"potentialAction\":[{\"@type\":\"SearchAction\",\"target\":{\"@type\":\"EntryPoint\",\"urlTemplate\":\"https:\/\/www.sboxers.com\/?s={search_term_string}\"},\"query-input\":\"required name=search_term_string\"}],\"inLanguage\":\"fr-FR\"},{\"@type\":\"Organization\",\"@id\":\"https:\/\/www.sboxers.com\/#organization\",\"name\":\"SBOXERS\",\"url\":\"https:\/\/www.sboxers.com\/\",\"logo\":{\"@type\":\"ImageObject\",\"inLanguage\":\"fr-FR\",\"@id\":\"https:\/\/www.sboxers.com\/#\/schema\/logo\/image\/\",\"url\":\"https:\/\/www.sboxers.com\/wp-content\/uploads\/2021\/02\/sboxerslogo.png\",\"contentUrl\":\"https:\/\/www.sboxers.com\/wp-content\/uploads\/2021\/02\/sboxerslogo.png\",\"width\":3000,\"height\":3000,\"caption\":\"SBOXERS\"},\"image\":{\"@id\":\"https:\/\/www.sboxers.com\/#\/schema\/logo\/image\/\"}}]}<\/script>\n<!-- \/ Yoast SEO plugin. -->","yoast_head_json":{"title":"FAQ - SBOXERS","robots":{"index":"index","follow":"follow","max-snippet":"max-snippet:-1","max-image-preview":"max-image-preview:large","max-video-preview":"max-video-preview:-1"},"canonical":"https:\/\/www.sboxers.com\/fr\/faq\/","og_locale":"fr_FR","og_type":"article","og_title":"FAQ - SBOXERS","og_description":"Last updated date: March 07, 2021 General questions How are shipments and deliveries made? We work with french post office and Relay Colis, depending on your place of residence. Whatever the chosen delivery method, a parcel tracking number will be sent to you by email. Without news of your package, you can contact us here. ... Lire la suite","og_url":"https:\/\/www.sboxers.com\/fr\/faq\/","og_site_name":"SBOXERS","article_modified_time":"2021-04-23T09:53:09+00:00","twitter_card":"summary_large_image","twitter_misc":{"Dur\u00e9e de lecture estim\u00e9e":"3 minutes"},"schema":{"@context":"https:\/\/schema.org","@graph":[{"@type":"WebPage","@id":"https:\/\/www.sboxers.com\/fr\/faq\/","url":"https:\/\/www.sboxers.com\/fr\/faq\/","name":"FAQ - SBOXERS","isPartOf":{"@id":"https:\/\/www.sboxers.com\/#website"},"datePublished":"2021-03-10T14:17:59+00:00","dateModified":"2021-04-23T09:53:09+00:00","breadcrumb":{"@id":"https:\/\/www.sboxers.com\/fr\/faq\/#breadcrumb"},"inLanguage":"fr-FR","potentialAction":[{"@type":"ReadAction","target":["https:\/\/www.sboxers.com\/fr\/faq\/"]}]},{"@type":"BreadcrumbList","@id":"https:\/\/www.sboxers.com\/fr\/faq\/#breadcrumb","itemListElement":[{"@type":"ListItem","position":1,"name":"Home","item":"https:\/\/www.sboxers.com\/"},{"@type":"ListItem","position":2,"name":"FAQ"}]},{"@type":"WebSite","@id":"https:\/\/www.sboxers.com\/#website","url":"https:\/\/www.sboxers.com\/","name":"SBOXERS","description":"Wear it, you shine!","publisher":{"@id":"https:\/\/www.sboxers.com\/#organization"},"potentialAction":[{"@type":"SearchAction","target":{"@type":"EntryPoint","urlTemplate":"https:\/\/www.sboxers.com\/?s={search_term_string}"},"query-input":"required name=search_term_string"}],"inLanguage":"fr-FR"},{"@type":"Organization","@id":"https:\/\/www.sboxers.com\/#organization","name":"SBOXERS","url":"https:\/\/www.sboxers.com\/","logo":{"@type":"ImageObject","inLanguage":"fr-FR","@id":"https:\/\/www.sboxers.com\/#\/schema\/logo\/image\/","url":"https:\/\/www.sboxers.com\/wp-content\/uploads\/2021\/02\/sboxerslogo.png","contentUrl":"https:\/\/www.sboxers.com\/wp-content\/uploads\/2021\/02\/sboxerslogo.png","width":3000,"height":3000,"caption":"SBOXERS"},"image":{"@id":"https:\/\/www.sboxers.com\/#\/schema\/logo\/image\/"}}]}},"_links":{"self":[{"href":"https:\/\/www.sboxers.com\/fr\/wp-json\/wp\/v2\/pages\/350","targetHints":{"allow":["GET"]}}],"collection":[{"href":"https:\/\/www.sboxers.com\/fr\/wp-json\/wp\/v2\/pages"}],"about":[{"href":"https:\/\/www.sboxers.com\/fr\/wp-json\/wp\/v2\/types\/page"}],"author":[{"embeddable":true,"href":"https:\/\/www.sboxers.com\/fr\/wp-json\/wp\/v2\/users\/2"}],"replies":[{"embeddable":true,"href":"https:\/\/www.sboxers.com\/fr\/wp-json\/wp\/v2\/comments?post=350"}],"version-history":[{"count":14,"href":"https:\/\/www.sboxers.com\/fr\/wp-json\/wp\/v2\/pages\/350\/revisions"}],"predecessor-version":[{"id":538,"href":"https:\/\/www.sboxers.com\/fr\/wp-json\/wp\/v2\/pages\/350\/revisions\/538"}],"wp:attachment":[{"href":"https:\/\/www.sboxers.com\/fr\/wp-json\/wp\/v2\/media?parent=350"}],"curies":[{"name":"wp","href":"https:\/\/api.w.org\/{rel}","templated":true}]}}